{"id":75,"date":"2015-03-23T16:57:20","date_gmt":"2015-03-23T08:57:20","guid":{"rendered":"http:\/\/www.iamadiver.local\/?page_id=75"},"modified":"2016-01-19T03:59:16","modified_gmt":"2016-01-19T02:59:16","slug":"bienvenue","status":"publish","type":"page","link":"https:\/\/www.iamadiver.com\/fr\/","title":{"rendered":"Plong\u00e9e \u00e0 Bali avec I am a Diver"},"content":{"rendered":"<div class=\"wpb-content-wrapper\"><p>[vc_row animation=\u00a0\u00bbfadeIn\u00a0\u00bb][vc_column width=\u00a0\u00bb2\/3&Prime; animation=\u00a0\u00bbfadeIn\u00a0\u00bb][vc_column_text css=\u00a0\u00bb.vc_custom_1453172289405{margin-bottom: 10px !important;}\u00a0\u00bb]<\/p>\n<h1>Plong\u00e9e \u00e0 Bali<\/h1>\n<p style=\"text-align: justify;\">Amed poss\u00e8de son propre micro climat, des eaux calmes et chaudes, une bonne visibilit\u00e9, des eaux peu profondes pour les d\u00e9butants, des grandes profondeurs pour les plongeurs exp\u00e9riment\u00e9s. La plong\u00e9e \u00e0 Bali\u00a0est disponible toute l\u2019ann\u00e9e. La temp\u00e9rature de l\u2019eau est constante toute la journ\u00e9e. Des excursions de plong\u00e9e sont pr\u00e9vues chaque jour. Toutes les formations peuvent d\u00e9buter \u00e0 votre convenance. La plong\u00e9e sous-marine est facile. Tout le monde peut commencer \u00e0 partir de 10 ans. Avec des amis ou en famille, vous trouverez la plong\u00e9e qui vous convienne. Contactez-moi pour plus d\u2019informations.<\/p>\n<h2>Philosophie<\/h2>\n<p style=\"text-align: justify;\">I am a Diver est affili\u00e9 \u00e0 l&rsquo;un des centres de plong\u00e9e PADI 5 \u00e9toiles r\u00e9put\u00e9 de Amed. Nous suivons les standards PADI et les proc\u00e9dures de formation. Toutes nos formations sportives\u00a0et techniques\u00a0peuvent \u00eatre enseign\u00e9es en Anglais, Fran\u00e7ais Allemand, Espagnol, Hollandais et Indon\u00e9sien. Nos \u00e9quipements sont r\u00e9vis\u00e9s et entretenus par notre personnel comp\u00e9tent, nos bouteilles de plong\u00e9es sont visuellement inspect\u00e9s chaque ann\u00e9e.<\/p>\n<p style=\"text-align: justify;\">I am a Diver est impliqu\u00e9 dans les projets \u00e9cologiques locaux. Souvent, nous organisons des nettoyages des plage et sous-marines, sensibilisons la communaut\u00e9 locale \u00e0 prot\u00e9ger leur environnement, mener des programmes de surveillance des r\u00e9cifs coralliens.<\/p>\n<h2>La r\u00e9gion de Amed<\/h2>\n<p style=\"text-align: justify;\">Nous sommes situ\u00e9s sur la c\u00f4te nord\u2013est de Bali. Tous les meilleurs spots de plong\u00e9e sont \u00e0 proximit\u00e9 du centre de plong\u00e9e. Nous pouvons facilement atteindre l\u2019une des zones de plong\u00e9e les plus c\u00e9l\u00e8bres du monde Tulamben et plonger sur l\u2019\u00e9pave de l\u2019USAT Liberty. Il y a aussi d\u2019autres sites de plong\u00e9e \u00e0 Bali qui permettent des activit\u00e9s telles que la plong\u00e9e profonde, la formation sidemount, la plong\u00e9e en d\u00e9rive, la sp\u00e9cialit\u00e9 photographie ou la sp\u00e9cialit\u00e9 \u00e9pave.<\/p>\n<h2>Le centre de plong\u00e9e et l\u2019h\u00e9bergement<\/h2>\n<p style=\"text-align: justify;\">Notre centre de plong\u00e9e vous accueillera tous les jours de 08:00 \u00e0 18:00. Nous avons notre propre salle de classe, notre propre compresseur et notre piscine priv\u00e9e pour toutes les sessions en milieu prot\u00e9g\u00e9. Il y a une salle commune o\u00f9 vous pourrez vous d\u00e9tendre apr\u00e8s vos plong\u00e9es ou profiter du Wifi gratuit. Nous pouvons organiser vos plong\u00e9es toute l\u2019ann\u00e9e. Nous avons des partenariats avec diff\u00e9rents h\u00f4tels. Nous pouvons faire un paquet complet, y compris la plong\u00e9e et l\u2019h\u00e9bergement suivant votre budget.<\/p>\n<p>[\/vc_column_text][\/vc_column][vc_column width=\u00a0\u00bb1\/3&Prime;]<div class=\"frm_forms  with_frm_style frm_style_formidable-style\" id=\"frm_form_7_container\" >\n<form enctype=\"multipart\/form-data\" method=\"post\" class=\"frm-show-form  frm_ajax_submit  frm_pro_form \" id=\"form_contact2\" >\n<div class=\"frm_form_fields \">\n<fieldset>\n<legend class=\"frm_hidden\">Formulaire g\u00e9n\u00e9ral 1<\/legend>\r\n\r\n<div class=\"frm_fields_container\">\n<input type=\"hidden\" name=\"frm_action\" value=\"create\" \/>\n<input type=\"hidden\" name=\"form_id\" value=\"7\" \/>\n<input type=\"hidden\" name=\"frm_hide_fields_7\" id=\"frm_hide_fields_7\" value=\"\" \/>\n<input type=\"hidden\" name=\"form_key\" value=\"contact2\" \/>\n<input type=\"hidden\" name=\"item_meta[0]\" value=\"\" \/>\n<input type=\"hidden\" id=\"frm_submit_entry_7\" name=\"frm_submit_entry_7\" value=\"fdaebf36f2\" \/><input type=\"hidden\" name=\"_wp_http_referer\" value=\"\/fr\/wp-json\/wp\/v2\/pages\/75\" \/><div id=\"frm_field_83_container\" class=\"frm_form_field form-field  frm_required_field frm_top_container frm_full\">\r\n    <label for=\"field_qh4icy2\" class=\"frm_primary_label\">Nom\r\n        <span class=\"frm_required\">*<\/span>\r\n    <\/label>\r\n    <input  type=\"text\" id=\"field_qh4icy2\" name=\"item_meta[83]\" value=\"Pr\u00e9nom - Nom\"  data-frmval=\"Pr\u00e9nom - Nom\" data-reqmsg=\"Nom cannot be blank.\" aria-required=\"true\" data-invmsg=\"Nom est non valide\" aria-invalid=\"false\"   \/>\r\n    \r\n    \r\n<\/div>\n<div id=\"frm_field_85_container\" class=\"frm_form_field form-field  frm_required_field frm_top_container frm_full\">\r\n    <label for=\"field_29yf4d2\" class=\"frm_primary_label\">Adresse e-mail\r\n        <span class=\"frm_required\">*<\/span>\r\n    <\/label>\r\n    <input type=\"email\" id=\"field_29yf4d2\" name=\"item_meta[85]\" value=\"john.doe@gmyoo.xyz\"  data-frmval=\"john.doe@gmyoo.xyz\" data-reqmsg=\"Adresse e-mail cannot be blank.\" aria-required=\"true\" data-invmsg=\"Merci de rentrer une adresse e-mail valide\" aria-invalid=\"false\"  \/>\r\n    \r\n    \r\n<\/div>\n<div id=\"frm_field_93_container\" class=\"frm_form_field form-field  frm_top_container frm_full\">\r\n    <label for=\"field_4up815\" class=\"frm_primary_label\">Num\u00e9ro de t\u00e9l\u00e9phone\r\n        <span class=\"frm_required\"><\/span>\r\n    <\/label>\r\n    <input  type=\"text\" id=\"field_4up815\" name=\"item_meta[93]\" value=\"+00 1234567890\"  data-frmval=\"+00 1234567890\" data-invmsg=\"Num\u00e9ro de t\u00e9l\u00e9phone est non valide\" aria-invalid=\"false\"   \/>\r\n    \r\n    \r\n<\/div>\n<div id=\"frm_field_87_container\" class=\"frm_form_field form-field  frm_top_container frm_full\">\r\n    <label for=\"field_e6lis62\" class=\"frm_primary_label\">Pays\r\n        <span class=\"frm_required\"><\/span>\r\n    <\/label>\r\n    <input  type=\"text\" id=\"field_e6lis62\" name=\"item_meta[87]\" value=\"Country\"  data-frmval=\"Country\" data-invmsg=\"Pays est non valide\" aria-invalid=\"false\"   \/>\r\n    \r\n    \r\n<\/div>\n<div id=\"frm_field_88_container\" class=\"frm_form_field form-field  frm_required_field frm_top_container frm_full\">\r\n    <label for=\"field_9jv0r12\" class=\"frm_primary_label\">Message\r\n        <span class=\"frm_required\">*<\/span>\r\n    <\/label>\r\n    <textarea name=\"item_meta[88]\" id=\"field_9jv0r12\" rows=\"5\"  data-frmval=\"Ecrivez votre message ici\" data-reqmsg=\"Ce champs ne peut \u00eatre vide\" aria-required=\"true\" data-invmsg=\"Message est non valide\" aria-invalid=\"false\"  >Ecrivez votre message ici<\/textarea>\r\n    \r\n    \r\n<\/div>\n<div id=\"frm_field_212_container\" class=\"frm_form_field form-field \">\n\t<div class=\"frm_submit\">\r\n\r\n<input type=\"submit\" value=\"Send\"  class=\"frm_final_submit\" formnovalidate=\"formnovalidate\" \/>\r\n<img decoding=\"async\" class=\"frm_ajax_loading\" src=\"https:\/\/www.iamadiver.com\/wp-content\/plugins\/formidable\/images\/ajax_loader.gif\" alt=\"Sending\"\/>\r\n\r\n<\/div>\n<\/div>\n\t<input type=\"hidden\" name=\"item_key\" value=\"\" \/>\n\t\t\t<div id=\"frm_field_213_container\">\n\t\t\t<label for=\"field_fnoln\" >\n\t\t\t\tSi vous \u00eates un humain, ne remplissez pas ce champ.\t\t\t<\/label>\n\t\t\t<input  id=\"field_fnoln\" type=\"text\" class=\"frm_form_field form-field frm_verify\" name=\"item_meta[213]\" value=\"\"  \/>\n\t\t<\/div>\n\t\t<input name=\"frm_state\" type=\"hidden\" value=\"\/SqIh22BcQvodyeSauiFbfS3\/kNR\/f1rwQuQTNuGbofs+hTqj\/WBJXRqu8H4QYaZ\" \/><\/div>\n<\/fieldset>\n<\/div>\n\n<\/form>\n<\/div>\n<div class=\"dt-fancy-separator h3-size\" style=\"width: 100%;\"><div class=\"dt-fancy-title\" style=\"color: #005ab4;\"><span class=\"separator-holder separator-left\" style=\"border-color: #005ab4;\"><\/span>Articles R\u00e9cents<span class=\"separator-holder separator-right\" style=\"border-color: #005ab4;\"><\/span><\/div><\/div><section class=\"items-grid wf-container round-images\"><div class=\"wf-cell wf-1\"><article class=\"post-format-standard\"><div class=\"mini-post-img\"><a class=\"alignleft post-rollover layzr-bg\" href=\"https:\/\/www.iamadiver.com\/fr\/5-astuces-pour-voyager-a-bali\/\" aria-label=\"Post image\"><img decoding=\"async\" class=\"preload-me lazy-load aspect\" src=\"data:image\/svg+xml,%3Csvg%20xmlns%3D&#39;http%3A%2F%2Fwww.w3.org%2F2000%2Fsvg&#39;%20viewBox%3D&#39;0%200%2040%2040&#39;%2F%3E\" data-src=\"https:\/\/www.iamadiver.com\/wp-content\/uploads\/2016\/01\/icon080-agung-40x40.jpg\" data-srcset=\"https:\/\/www.iamadiver.com\/wp-content\/uploads\/2016\/01\/icon080-agung-40x40.jpg 40w, https:\/\/www.iamadiver.com\/wp-content\/uploads\/2016\/01\/icon080-agung-80x80.jpg 80w\" loading=\"eager\" style=\"--ratio: 40 \/ 40\" sizes=\"(max-width: 40px) 100vw, 40px\" width=\"40\" height=\"40\"  alt=\"Mount Agung\" \/><\/a><\/div><div class=\"post-content\"><a href=\"https:\/\/www.iamadiver.com\/fr\/5-astuces-pour-voyager-a-bali\/\">5 astuces pour voyager \u00e0 Bali<\/a><br \/><time class=\"text-secondary\" datetime=\"2016-01-29T04:58:47+01:00\">29 janvier 2016<\/time><\/div><\/article><\/div><div class=\"wf-cell wf-1\"><article class=\"post-format-standard\"><div class=\"mini-post-img\"><a class=\"alignleft post-rollover layzr-bg\" href=\"https:\/\/www.iamadiver.com\/fr\/bonne-annee-2016\/\" aria-label=\"Post image\"><img decoding=\"async\" class=\"preload-me lazy-load aspect\" src=\"data:image\/svg+xml,%3Csvg%20xmlns%3D&#39;http%3A%2F%2Fwww.w3.org%2F2000%2Fsvg&#39;%20viewBox%3D&#39;0%200%2040%2040&#39;%2F%3E\" data-src=\"https:\/\/www.iamadiver.com\/wp-content\/uploads\/2016\/01\/icon078-2016-40x40.jpg\" data-srcset=\"https:\/\/www.iamadiver.com\/wp-content\/uploads\/2016\/01\/icon078-2016-40x40.jpg 40w, https:\/\/www.iamadiver.com\/wp-content\/uploads\/2016\/01\/icon078-2016-80x80.jpg 80w\" loading=\"eager\" style=\"--ratio: 40 \/ 40\" sizes=\"(max-width: 40px) 100vw, 40px\" width=\"40\" height=\"40\"  alt=\"Happy new year, I am a Diver wish you all the bests for 2016\" \/><\/a><\/div><div class=\"post-content\"><a href=\"https:\/\/www.iamadiver.com\/fr\/bonne-annee-2016\/\">Bonne ann\u00e9e 2016<\/a><br \/><time class=\"text-secondary\" datetime=\"2016-01-23T03:25:46+01:00\">23 janvier 2016<\/time><\/div><\/article><\/div><div class=\"wf-cell wf-1\"><article class=\"post-format-standard\"><div class=\"mini-post-img\"><a class=\"alignleft post-rollover layzr-bg\" href=\"https:\/\/www.iamadiver.com\/fr\/ordinateur-de-plongee\/\" aria-label=\"Post image\"><img decoding=\"async\" class=\"preload-me lazy-load aspect\" src=\"data:image\/svg+xml,%3Csvg%20xmlns%3D&#39;http%3A%2F%2Fwww.w3.org%2F2000%2Fsvg&#39;%20viewBox%3D&#39;0%200%2040%2040&#39;%2F%3E\" data-src=\"https:\/\/www.iamadiver.com\/wp-content\/uploads\/2016\/01\/icon079-computer-40x40.jpg\" data-srcset=\"https:\/\/www.iamadiver.com\/wp-content\/uploads\/2016\/01\/icon079-computer-40x40.jpg 40w, https:\/\/www.iamadiver.com\/wp-content\/uploads\/2016\/01\/icon079-computer-80x80.jpg 80w\" loading=\"eager\" style=\"--ratio: 40 \/ 40\" sizes=\"(max-width: 40px) 100vw, 40px\" width=\"40\" height=\"40\"  alt=\"Dive computers\" \/><\/a><\/div><div class=\"post-content\"><a href=\"https:\/\/www.iamadiver.com\/fr\/ordinateur-de-plongee\/\">Ordinateur de plong\u00e9e<\/a><br \/><time class=\"text-secondary\" datetime=\"2016-01-19T04:39:57+01:00\">19 janvier 2016<\/time><\/div><\/article><\/div><div class=\"wf-cell wf-1\"><article class=\"post-format-standard\"><div class=\"mini-post-img\"><a class=\"alignleft post-rollover layzr-bg\" href=\"https:\/\/www.iamadiver.com\/fr\/mort-dun-grand-requin-blanc\/\" aria-label=\"Post image\"><img decoding=\"async\" class=\"preload-me lazy-load aspect\" src=\"data:image\/svg+xml,%3Csvg%20xmlns%3D&#39;http%3A%2F%2Fwww.w3.org%2F2000%2Fsvg&#39;%20viewBox%3D&#39;0%200%2040%2040&#39;%2F%3E\" data-src=\"https:\/\/www.iamadiver.com\/wp-content\/uploads\/2016\/01\/icon077-greatwhite-40x40.jpg\" data-srcset=\"https:\/\/www.iamadiver.com\/wp-content\/uploads\/2016\/01\/icon077-greatwhite-40x40.jpg 40w, https:\/\/www.iamadiver.com\/wp-content\/uploads\/2016\/01\/icon077-greatwhite-80x80.jpg 80w\" loading=\"eager\" style=\"--ratio: 40 \/ 40\" sizes=\"(max-width: 40px) 100vw, 40px\" width=\"40\" height=\"40\"  alt=\"Great White Shark\" \/><\/a><\/div><div class=\"post-content\"><a href=\"https:\/\/www.iamadiver.com\/fr\/mort-dun-grand-requin-blanc\/\">[Billet d&rsquo;humeur] Stup*dit\u00e9 des japonais = mort d&rsquo;un grand requin blanc<\/a><br \/><time class=\"text-secondary\" datetime=\"2016-01-13T03:10:34+01:00\">13 janvier 2016<\/time><\/div><\/article><\/div><div class=\"wf-cell wf-1\"><article class=\"post-format-standard\"><div class=\"mini-post-img\"><a class=\"alignleft post-rollover layzr-bg\" href=\"https:\/\/www.iamadiver.com\/fr\/programme-reactivate-padi\/\" aria-label=\"Post image\"><img decoding=\"async\" class=\"preload-me lazy-load aspect\" src=\"data:image\/svg+xml,%3Csvg%20xmlns%3D&#39;http%3A%2F%2Fwww.w3.org%2F2000%2Fsvg&#39;%20viewBox%3D&#39;0%200%2040%2040&#39;%2F%3E\" data-src=\"https:\/\/www.iamadiver.com\/wp-content\/uploads\/2016\/01\/icon076-ReActivate-40x40.jpg\" data-srcset=\"https:\/\/www.iamadiver.com\/wp-content\/uploads\/2016\/01\/icon076-ReActivate-40x40.jpg 40w, https:\/\/www.iamadiver.com\/wp-content\/uploads\/2016\/01\/icon076-ReActivate-80x80.jpg 80w\" loading=\"eager\" style=\"--ratio: 40 \/ 40\" sizes=\"(max-width: 40px) 100vw, 40px\" width=\"40\" height=\"40\"  alt=\"PADI ReActivate\" \/><\/a><\/div><div class=\"post-content\"><a href=\"https:\/\/www.iamadiver.com\/fr\/programme-reactivate-padi\/\">Programme ReActivate PADI<\/a><br \/><time class=\"text-secondary\" datetime=\"2016-01-04T05:12:33+01:00\">4 janvier 2016<\/time><\/div><\/article><\/div><\/section>[\/vc_column][\/vc_row][vc_row][vc_column][vc_basic_grid post_type=\u00a0\u00bbpost\u00a0\u00bb max_items=\u00a0\u00bb6&Prime; gap=\u00a0\u00bb10&Prime; item=\u00a0\u00bb1472&Prime; grid_id=\u00a0\u00bbvc_gid:1453172035592-bc597170-91f1-10&Prime; css=\u00a0\u00bb.vc_custom_1452265577037{margin-top: 10px !important;}\u00a0\u00bb taxonomies=\u00a0\u00bb61&Prime;][\/vc_column][\/vc_row]<\/p>\n<\/div>","protected":false},"excerpt":{"rendered":"<p>[vc_row animation=\u00a0\u00bbfadeIn\u00a0\u00bb][vc_column width=\u00a0\u00bb2\/3&Prime; animation=\u00a0\u00bbfadeIn\u00a0\u00bb][vc_column_text css=\u00a0\u00bb.vc_custom_1453172289405{margin-bottom: 10px !important;}\u00a0\u00bb] Plong\u00e9e \u00e0 Bali Amed poss\u00e8de son propre micro climat, des eaux calmes et chaudes, une bonne visibilit\u00e9, des eaux peu profondes pour les d\u00e9butants, des grandes profondeurs pour les plongeurs exp\u00e9riment\u00e9s. La plong\u00e9e \u00e0 Bali\u00a0est disponible toute l\u2019ann\u00e9e. La temp\u00e9rature de l\u2019eau est constante toute la journ\u00e9e. Des&hellip;<\/p>\n","protected":false},"author":2,"featured_media":2532,"parent":0,"menu_order":0,"comment_status":"closed","ping_status":"open","template":"","meta":{"footnotes":""},"class_list":["post-75","page","type-page","status-publish","has-post-thumbnail","hentry","description-off"],"yoast_head":"<!-- This site is optimized with the Yoast SEO plugin v27.4 - https:\/\/yoast.com\/product\/yoast-seo-wordpress\/ -->\n<title>Plong\u00e9e \u00e0 Bali avec I am a Diver - I am a Diver<\/title>\n<meta name=\"description\" content=\"La plong\u00e9e \u00e0 Bali est disponible toute l\u2019ann\u00e9e. Entre amis ou en famille, vous trouverez la plong\u00e9e qui vous convienne. Les cours d\u00e9butent tous les jours.\" \/>\n<meta name=\"robots\" content=\"index, follow, max-snippet:-1, max-image-preview:large, max-video-preview:-1\" \/>\n<link rel=\"canonical\" href=\"https:\/\/www.iamadiver.com\/fr\/\" \/>\n<meta property=\"og:locale\" content=\"fr_FR\" \/>\n<meta property=\"og:type\" content=\"article\" \/>\n<meta property=\"og:title\" content=\"Plong\u00e9e \u00e0 Bali avec I am a Diver - I am a Diver\" \/>\n<meta property=\"og:description\" content=\"La plong\u00e9e \u00e0 Bali est disponible toute l\u2019ann\u00e9e. Entre amis ou en famille, vous trouverez la plong\u00e9e qui vous convienne. Les cours d\u00e9butent tous les jours.\" \/>\n<meta property=\"og:url\" content=\"https:\/\/www.iamadiver.com\/fr\/\" \/>\n<meta property=\"og:site_name\" content=\"I am a Diver\" \/>\n<meta property=\"article:publisher\" content=\"https:\/\/www.facebook.com\/iamadivercom\" \/>\n<meta property=\"article:modified_time\" content=\"2016-01-19T02:59:16+00:00\" \/>\n<meta property=\"og:image\" content=\"https:\/\/www.iamadiver.com\/wp-content\/uploads\/2016\/01\/logo-v31-256px.jpg\" \/>\n\t<meta property=\"og:image:width\" content=\"256\" \/>\n\t<meta property=\"og:image:height\" content=\"256\" \/>\n\t<meta property=\"og:image:type\" content=\"image\/jpeg\" \/>\n<meta name=\"twitter:card\" content=\"summary_large_image\" \/>\n<meta name=\"twitter:label1\" content=\"Dur\u00e9e de lecture estim\u00e9e\" \/>\n\t<meta name=\"twitter:data1\" content=\"3 minutes\" \/>\n<script type=\"application\/ld+json\" class=\"yoast-schema-graph\">{\"@context\":\"https:\\\/\\\/schema.org\",\"@graph\":[{\"@type\":\"WebPage\",\"@id\":\"https:\\\/\\\/www.iamadiver.com\\\/fr\\\/\",\"url\":\"https:\\\/\\\/www.iamadiver.com\\\/fr\\\/\",\"name\":\"Plong\u00e9e \u00e0 Bali avec I am a Diver - I am a Diver\",\"isPartOf\":{\"@id\":\"https:\\\/\\\/www.iamadiver.com\\\/#website\"},\"primaryImageOfPage\":{\"@id\":\"https:\\\/\\\/www.iamadiver.com\\\/fr\\\/#primaryimage\"},\"image\":{\"@id\":\"https:\\\/\\\/www.iamadiver.com\\\/fr\\\/#primaryimage\"},\"thumbnailUrl\":\"https:\\\/\\\/www.iamadiver.com\\\/wp-content\\\/uploads\\\/2016\\\/01\\\/logo-v31-256px.jpg\",\"datePublished\":\"2015-03-23T08:57:20+00:00\",\"dateModified\":\"2016-01-19T02:59:16+00:00\",\"description\":\"La plong\u00e9e \u00e0 Bali est disponible toute l\u2019ann\u00e9e. Entre amis ou en famille, vous trouverez la plong\u00e9e qui vous convienne. Les cours d\u00e9butent tous les jours.\",\"breadcrumb\":{\"@id\":\"https:\\\/\\\/www.iamadiver.com\\\/fr\\\/#breadcrumb\"},\"inLanguage\":\"fr-FR\",\"potentialAction\":[{\"@type\":\"ReadAction\",\"target\":[\"https:\\\/\\\/www.iamadiver.com\\\/fr\\\/\"]}]},{\"@type\":\"ImageObject\",\"inLanguage\":\"fr-FR\",\"@id\":\"https:\\\/\\\/www.iamadiver.com\\\/fr\\\/#primaryimage\",\"url\":\"https:\\\/\\\/www.iamadiver.com\\\/wp-content\\\/uploads\\\/2016\\\/01\\\/logo-v31-256px.jpg\",\"contentUrl\":\"https:\\\/\\\/www.iamadiver.com\\\/wp-content\\\/uploads\\\/2016\\\/01\\\/logo-v31-256px.jpg\",\"width\":256,\"height\":256,\"caption\":\"I am a Diver Logo 256px\"},{\"@type\":\"BreadcrumbList\",\"@id\":\"https:\\\/\\\/www.iamadiver.com\\\/fr\\\/#breadcrumb\",\"itemListElement\":[{\"@type\":\"ListItem\",\"position\":1,\"name\":\"Home\",\"item\":\"https:\\\/\\\/www.iamadiver.com\\\/fr\\\/\"},{\"@type\":\"ListItem\",\"position\":2,\"name\":\"Plong\u00e9e \u00e0 Bali avec I am a Diver\"}]},{\"@type\":\"WebSite\",\"@id\":\"https:\\\/\\\/www.iamadiver.com\\\/#website\",\"url\":\"https:\\\/\\\/www.iamadiver.com\\\/\",\"name\":\"I am a Diver\",\"description\":\"Diving Bali | Sidemount | Tech Diving\",\"potentialAction\":[{\"@type\":\"SearchAction\",\"target\":{\"@type\":\"EntryPoint\",\"urlTemplate\":\"https:\\\/\\\/www.iamadiver.com\\\/?s={search_term_string}\"},\"query-input\":{\"@type\":\"PropertyValueSpecification\",\"valueRequired\":true,\"valueName\":\"search_term_string\"}}],\"inLanguage\":\"fr-FR\"}]}<\/script>\n<!-- \/ Yoast SEO plugin. -->","yoast_head_json":{"title":"Plong\u00e9e \u00e0 Bali avec I am a Diver - I am a Diver","description":"La plong\u00e9e \u00e0 Bali est disponible toute l\u2019ann\u00e9e. Entre amis ou en famille, vous trouverez la plong\u00e9e qui vous convienne. Les cours d\u00e9butent tous les jours.","robots":{"index":"index","follow":"follow","max-snippet":"max-snippet:-1","max-image-preview":"max-image-preview:large","max-video-preview":"max-video-preview:-1"},"canonical":"https:\/\/www.iamadiver.com\/fr\/","og_locale":"fr_FR","og_type":"article","og_title":"Plong\u00e9e \u00e0 Bali avec I am a Diver - I am a Diver","og_description":"La plong\u00e9e \u00e0 Bali est disponible toute l\u2019ann\u00e9e. Entre amis ou en famille, vous trouverez la plong\u00e9e qui vous convienne. Les cours d\u00e9butent tous les jours.","og_url":"https:\/\/www.iamadiver.com\/fr\/","og_site_name":"I am a Diver","article_publisher":"https:\/\/www.facebook.com\/iamadivercom","article_modified_time":"2016-01-19T02:59:16+00:00","og_image":[{"width":256,"height":256,"url":"https:\/\/www.iamadiver.com\/wp-content\/uploads\/2016\/01\/logo-v31-256px.jpg","type":"image\/jpeg"}],"twitter_card":"summary_large_image","twitter_misc":{"Dur\u00e9e de lecture estim\u00e9e":"3 minutes"},"schema":{"@context":"https:\/\/schema.org","@graph":[{"@type":"WebPage","@id":"https:\/\/www.iamadiver.com\/fr\/","url":"https:\/\/www.iamadiver.com\/fr\/","name":"Plong\u00e9e \u00e0 Bali avec I am a Diver - I am a Diver","isPartOf":{"@id":"https:\/\/www.iamadiver.com\/#website"},"primaryImageOfPage":{"@id":"https:\/\/www.iamadiver.com\/fr\/#primaryimage"},"image":{"@id":"https:\/\/www.iamadiver.com\/fr\/#primaryimage"},"thumbnailUrl":"https:\/\/www.iamadiver.com\/wp-content\/uploads\/2016\/01\/logo-v31-256px.jpg","datePublished":"2015-03-23T08:57:20+00:00","dateModified":"2016-01-19T02:59:16+00:00","description":"La plong\u00e9e \u00e0 Bali est disponible toute l\u2019ann\u00e9e. Entre amis ou en famille, vous trouverez la plong\u00e9e qui vous convienne. Les cours d\u00e9butent tous les jours.","breadcrumb":{"@id":"https:\/\/www.iamadiver.com\/fr\/#breadcrumb"},"inLanguage":"fr-FR","potentialAction":[{"@type":"ReadAction","target":["https:\/\/www.iamadiver.com\/fr\/"]}]},{"@type":"ImageObject","inLanguage":"fr-FR","@id":"https:\/\/www.iamadiver.com\/fr\/#primaryimage","url":"https:\/\/www.iamadiver.com\/wp-content\/uploads\/2016\/01\/logo-v31-256px.jpg","contentUrl":"https:\/\/www.iamadiver.com\/wp-content\/uploads\/2016\/01\/logo-v31-256px.jpg","width":256,"height":256,"caption":"I am a Diver Logo 256px"},{"@type":"BreadcrumbList","@id":"https:\/\/www.iamadiver.com\/fr\/#breadcrumb","itemListElement":[{"@type":"ListItem","position":1,"name":"Home","item":"https:\/\/www.iamadiver.com\/fr\/"},{"@type":"ListItem","position":2,"name":"Plong\u00e9e \u00e0 Bali avec I am a Diver"}]},{"@type":"WebSite","@id":"https:\/\/www.iamadiver.com\/#website","url":"https:\/\/www.iamadiver.com\/","name":"I am a Diver","description":"Diving Bali | Sidemount | Tech Diving","potentialAction":[{"@type":"SearchAction","target":{"@type":"EntryPoint","urlTemplate":"https:\/\/www.iamadiver.com\/?s={search_term_string}"},"query-input":{"@type":"PropertyValueSpecification","valueRequired":true,"valueName":"search_term_string"}}],"inLanguage":"fr-FR"}]}},"_links":{"self":[{"href":"https:\/\/www.iamadiver.com\/fr\/wp-json\/wp\/v2\/pages\/75","targetHints":{"allow":["GET"]}}],"collection":[{"href":"https:\/\/www.iamadiver.com\/fr\/wp-json\/wp\/v2\/pages"}],"about":[{"href":"https:\/\/www.iamadiver.com\/fr\/wp-json\/wp\/v2\/types\/page"}],"author":[{"embeddable":true,"href":"https:\/\/www.iamadiver.com\/fr\/wp-json\/wp\/v2\/users\/2"}],"replies":[{"embeddable":true,"href":"https:\/\/www.iamadiver.com\/fr\/wp-json\/wp\/v2\/comments?post=75"}],"version-history":[{"count":0,"href":"https:\/\/www.iamadiver.com\/fr\/wp-json\/wp\/v2\/pages\/75\/revisions"}],"wp:featuredmedia":[{"embeddable":true,"href":"https:\/\/www.iamadiver.com\/fr\/wp-json\/wp\/v2\/media\/2532"}],"wp:attachment":[{"href":"https:\/\/www.iamadiver.com\/fr\/wp-json\/wp\/v2\/media?parent=75"}],"curies":[{"name":"wp","href":"https:\/\/api.w.org\/{rel}","templated":true}]}}